{"id":169,"date":"2023-04-19T21:11:29","date_gmt":"2023-04-19T19:11:29","guid":{"rendered":"http:\/\/www.elektromechanika-samochodowa.pl\/?page_id=169"},"modified":"2023-06-18T12:44:31","modified_gmt":"2023-06-18T12:44:31","slug":"diagnostyka","status":"publish","type":"page","link":"https:\/\/elektromechanika-pojazdowa.eu\/index.php\/diagnostyka\/","title":{"rendered":""},"content":{"rendered":"\n<div style=\"height:42px\" aria-hidden=\"true\" class=\"wp-block-spacer\"><\/div>\n\n\n\n<h2 class=\"wp-block-heading has-text-align-center has-neve-link-hover-color-color has-text-color\">Diagnostyka komputerowa<\/h2>\n\n\n\n<p>Samochodowa diagnostyka komputerowa to czynno\u015b\u0107 polegaj\u0105ca na pod\u0142\u0105czeniu specjalistycznego komputera diagnostycznego (zwanego r\u00f3wnie\u017c testerem diagnostycznym) do z\u0142\u0105cza OBD pojazdu. Us\u0142uga ta pozwala wst\u0119pnie dowiedzie\u0107 si\u0119, w jakiej kondycji aktualnie znajduje si\u0119 samoch\u00f3d. Czy parametry odbiegaj\u0105 od zadanych, czy i gdzie dok\u0142adnie wyst\u0119puj\u0105 usterki oraz jakie s\u0105 ich przyczyny, by nast\u0119pnie sprawnie je zweryfikowa\u0107 i usun\u0105\u0107.<\/p>\n\n\n\n<h2 class=\"wp-block-heading has-text-align-center has-neve-link-hover-color-color has-text-color\">Diagnostyka silnika<\/h2>\n\n\n\n<p>Komputerowa diagnostyka silnika to nic innego, jak sprawdzenie parametr\u00f3w pracy urz\u0105dzenia poprzez odczytanie danych z sterownika silnika za pomoc\u0105 specjalnego interfejsu diagnostycznego, wyposa\u017conego w odpowiednie oprogramowanie oraz umiej\u0119tne zinterpretowanie b\u0142\u0119du.<\/p>\n\n\n\n<div style=\"height:0px\" aria-hidden=\"true\" class=\"wp-block-spacer\"><\/div>\n\n\n<div class=\"wp-block-image\">\n<figure class=\"aligncenter is-resized\"><img loading=\"lazy\" decoding=\"async\" src=\"https:\/\/elektromechanika-pojazdowa.eu\/wp-content\/uploads\/2023\/06\/kompt1.png\" alt=\"\" class=\"wp-image-343\" width=\"331\" height=\"196\" srcset=\"https:\/\/elektromechanika-pojazdowa.eu\/wp-content\/uploads\/2023\/06\/kompt1.png 829w, https:\/\/elektromechanika-pojazdowa.eu\/wp-content\/uploads\/2023\/06\/kompt1-300x178.png 300w, https:\/\/elektromechanika-pojazdowa.eu\/wp-content\/uploads\/2023\/06\/kompt1-768x456.png 768w\" sizes=\"auto, (max-width: 331px) 100vw, 331px\" \/><\/figure>\n<\/div>\n\n\n<div style=\"height:27px\" aria-hidden=\"true\" class=\"wp-block-spacer\"><\/div>\n\n\n<div class=\"wp-block-image icon-style is-style-rounded\">\n<figure class=\"aligncenter size-thumbnail is-resized\"><img loading=\"lazy\" decoding=\"async\" src=\"https:\/\/elektromechanika-pojazdowa.eu\/wp-content\/uploads\/2023\/06\/pikt1-150x150.jpg\" alt=\"\" class=\"wp-image-213\" width=\"70\" height=\"70\" srcset=\"https:\/\/elektromechanika-pojazdowa.eu\/wp-content\/uploads\/2023\/06\/pikt1-150x150.jpg 150w, https:\/\/elektromechanika-pojazdowa.eu\/wp-content\/uploads\/2023\/06\/pikt1-300x300.jpg 300w, https:\/\/elektromechanika-pojazdowa.eu\/wp-content\/uploads\/2023\/06\/pikt1.jpg 700w\" sizes=\"auto, (max-width: 70px) 100vw, 70px\" \/><\/figure>\n<\/div>\n\n\n<h3 class=\"wp-block-heading has-text-align-center has-text-color\" style=\"color:#01216b\">Zadzwo\u0144<\/h3>\n\n\n\n<p class=\"has-text-align-center has-neve-text-color-color has-text-color\" style=\"font-size:15px\">795 669 909<\/p>\n","protected":false},"excerpt":{"rendered":"<p>Diagnostyka komputerowa Samochodowa diagnostyka komputerowa to czynno\u015b\u0107 polegaj\u0105ca na pod\u0142\u0105czeniu specjalistycznego komputera diagnostycznego (zwanego r\u00f3wnie\u017c testerem diagnostycznym) do z\u0142\u0105cza OBD pojazdu. Us\u0142uga ta pozwala wst\u0119pnie dowiedzie\u0107 si\u0119, w jakiej kondycji aktualnie znajduje si\u0119 samoch\u00f3d. Czy parametry odbiegaj\u0105 od zadanych, czy i gdzie dok\u0142adnie wyst\u0119puj\u0105 usterki oraz jakie s\u0105 ich przyczyny, by nast\u0119pnie sprawnie je zweryfikowa\u0107&hellip;&nbsp;<a href=\"https:\/\/elektromechanika-pojazdowa.eu\/index.php\/diagnostyka\/\" class=\"\" rel=\"bookmark\">Read More &raquo;<span class=\"screen-reader-text\"><\/span><\/a><\/p>\n","protected":false},"author":1,"featured_media":0,"parent":0,"menu_order":0,"comment_status":"closed","ping_status":"closed","template":"","meta":{"neve_meta_sidebar":"","neve_meta_container":"","neve_meta_enable_content_width":"","neve_meta_content_width":0,"neve_meta_title_alignment":"","neve_meta_author_avatar":"","neve_post_elements_order":"","neve_meta_disable_header":"","neve_meta_disable_footer":"","neve_meta_disable_title":"","footnotes":""},"class_list":["post-169","page","type-page","status-publish","hentry"],"yoast_head":"<!-- This site is optimized with the Yoast SEO plugin v22.8 - https:\/\/yoast.com\/wordpress\/plugins\/seo\/ -->\n<title>-<\/title>\n<meta name=\"robots\" content=\"index, follow, max-snippet:-1, max-image-preview:large, max-video-preview:-1\" \/>\n<link rel=\"canonical\" href=\"https:\/\/elektromechanika-pojazdowa.eu\/index.php\/diagnostyka\/\" \/>\n<meta property=\"og:locale\" content=\"en_US\" \/>\n<meta property=\"og:type\" content=\"article\" \/>\n<meta property=\"og:title\" content=\"-\" \/>\n<meta property=\"og:description\" content=\"Diagnostyka komputerowa Samochodowa diagnostyka komputerowa to czynno\u015b\u0107 polegaj\u0105ca na pod\u0142\u0105czeniu specjalistycznego komputera diagnostycznego (zwanego r\u00f3wnie\u017c testerem diagnostycznym) do z\u0142\u0105cza OBD pojazdu. Us\u0142uga ta pozwala wst\u0119pnie dowiedzie\u0107 si\u0119, w jakiej kondycji aktualnie znajduje si\u0119 samoch\u00f3d. Czy parametry odbiegaj\u0105 od zadanych, czy i gdzie dok\u0142adnie wyst\u0119puj\u0105 usterki oraz jakie s\u0105 ich przyczyny, by nast\u0119pnie sprawnie je zweryfikowa\u0107&hellip;&nbsp;Read More &raquo;\" \/>\n<meta property=\"og:url\" content=\"https:\/\/elektromechanika-pojazdowa.eu\/index.php\/diagnostyka\/\" \/>\n<meta property=\"article:publisher\" content=\"https:\/\/www.facebook.com\/profile.php?id=61556998676595\" \/>\n<meta property=\"article:modified_time\" content=\"2023-06-18T12:44:31+00:00\" \/>\n<meta property=\"og:image\" content=\"https:\/\/elektromechanika-pojazdowa.eu\/wp-content\/uploads\/2023\/06\/kompt1.png\" \/>\n<meta name=\"twitter:card\" content=\"summary_large_image\" \/>\n<meta name=\"twitter:label1\" content=\"Est. reading time\" \/>\n\t<meta name=\"twitter:data1\" content=\"1 minute\" \/>\n<script type=\"application\/ld+json\" class=\"yoast-schema-graph\">{\"@context\":\"https:\/\/schema.org\",\"@graph\":[{\"@type\":\"WebPage\",\"@id\":\"https:\/\/elektromechanika-pojazdowa.eu\/index.php\/diagnostyka\/\",\"url\":\"https:\/\/elektromechanika-pojazdowa.eu\/index.php\/diagnostyka\/\",\"name\":\"-\",\"isPartOf\":{\"@id\":\"https:\/\/elektromechanika-pojazdowa.eu\/#website\"},\"primaryImageOfPage\":{\"@id\":\"https:\/\/elektromechanika-pojazdowa.eu\/index.php\/diagnostyka\/#primaryimage\"},\"image\":{\"@id\":\"https:\/\/elektromechanika-pojazdowa.eu\/index.php\/diagnostyka\/#primaryimage\"},\"thumbnailUrl\":\"https:\/\/elektromechanika-pojazdowa.eu\/wp-content\/uploads\/2023\/06\/kompt1.png\",\"datePublished\":\"2023-04-19T19:11:29+00:00\",\"dateModified\":\"2023-06-18T12:44:31+00:00\",\"inLanguage\":\"en-US\",\"potentialAction\":[{\"@type\":\"ReadAction\",\"target\":[\"https:\/\/elektromechanika-pojazdowa.eu\/index.php\/diagnostyka\/\"]}]},{\"@type\":\"ImageObject\",\"inLanguage\":\"en-US\",\"@id\":\"https:\/\/elektromechanika-pojazdowa.eu\/index.php\/diagnostyka\/#primaryimage\",\"url\":\"https:\/\/elektromechanika-pojazdowa.eu\/wp-content\/uploads\/2023\/06\/kompt1.png\",\"contentUrl\":\"https:\/\/elektromechanika-pojazdowa.eu\/wp-content\/uploads\/2023\/06\/kompt1.png\",\"width\":829,\"height\":492},{\"@type\":\"WebSite\",\"@id\":\"https:\/\/elektromechanika-pojazdowa.eu\/#website\",\"url\":\"https:\/\/elektromechanika-pojazdowa.eu\/\",\"name\":\"Elektromechanika Pojazdowa\",\"description\":\"\",\"publisher\":{\"@id\":\"https:\/\/elektromechanika-pojazdowa.eu\/#organization\"},\"alternateName\":\"Mechanik samochodowy\",\"potentialAction\":[{\"@type\":\"SearchAction\",\"target\":{\"@type\":\"EntryPoint\",\"urlTemplate\":\"https:\/\/elektromechanika-pojazdowa.eu\/?s={search_term_string}\"},\"query-input\":\"required name=search_term_string\"}],\"inLanguage\":\"en-US\"},{\"@type\":\"Organization\",\"@id\":\"https:\/\/elektromechanika-pojazdowa.eu\/#organization\",\"name\":\"Elektromechanika Pojazdowa\",\"url\":\"https:\/\/elektromechanika-pojazdowa.eu\/\",\"logo\":{\"@type\":\"ImageObject\",\"inLanguage\":\"en-US\",\"@id\":\"https:\/\/elektromechanika-pojazdowa.eu\/#\/schema\/logo\/image\/\",\"url\":\"https:\/\/elektromechanika-pojazdowa.eu\/wp-content\/uploads\/2023\/06\/pro2.jpg\",\"contentUrl\":\"https:\/\/elektromechanika-pojazdowa.eu\/wp-content\/uploads\/2023\/06\/pro2.jpg\",\"width\":1181,\"height\":999,\"caption\":\"Elektromechanika Pojazdowa\"},\"image\":{\"@id\":\"https:\/\/elektromechanika-pojazdowa.eu\/#\/schema\/logo\/image\/\"},\"sameAs\":[\"https:\/\/www.facebook.com\/profile.php?id=61556998676595\"]}]}<\/script>\n<!-- \/ Yoast SEO plugin. -->","yoast_head_json":{"title":"-","robots":{"index":"index","follow":"follow","max-snippet":"max-snippet:-1","max-image-preview":"max-image-preview:large","max-video-preview":"max-video-preview:-1"},"canonical":"https:\/\/elektromechanika-pojazdowa.eu\/index.php\/diagnostyka\/","og_locale":"en_US","og_type":"article","og_title":"-","og_description":"Diagnostyka komputerowa Samochodowa diagnostyka komputerowa to czynno\u015b\u0107 polegaj\u0105ca na pod\u0142\u0105czeniu specjalistycznego komputera diagnostycznego (zwanego r\u00f3wnie\u017c testerem diagnostycznym) do z\u0142\u0105cza OBD pojazdu. Us\u0142uga ta pozwala wst\u0119pnie dowiedzie\u0107 si\u0119, w jakiej kondycji aktualnie znajduje si\u0119 samoch\u00f3d. Czy parametry odbiegaj\u0105 od zadanych, czy i gdzie dok\u0142adnie wyst\u0119puj\u0105 usterki oraz jakie s\u0105 ich przyczyny, by nast\u0119pnie sprawnie je zweryfikowa\u0107&hellip;&nbsp;Read More &raquo;","og_url":"https:\/\/elektromechanika-pojazdowa.eu\/index.php\/diagnostyka\/","article_publisher":"https:\/\/www.facebook.com\/profile.php?id=61556998676595","article_modified_time":"2023-06-18T12:44:31+00:00","og_image":[{"url":"https:\/\/elektromechanika-pojazdowa.eu\/wp-content\/uploads\/2023\/06\/kompt1.png"}],"twitter_card":"summary_large_image","twitter_misc":{"Est. reading time":"1 minute"},"schema":{"@context":"https:\/\/schema.org","@graph":[{"@type":"WebPage","@id":"https:\/\/elektromechanika-pojazdowa.eu\/index.php\/diagnostyka\/","url":"https:\/\/elektromechanika-pojazdowa.eu\/index.php\/diagnostyka\/","name":"-","isPartOf":{"@id":"https:\/\/elektromechanika-pojazdowa.eu\/#website"},"primaryImageOfPage":{"@id":"https:\/\/elektromechanika-pojazdowa.eu\/index.php\/diagnostyka\/#primaryimage"},"image":{"@id":"https:\/\/elektromechanika-pojazdowa.eu\/index.php\/diagnostyka\/#primaryimage"},"thumbnailUrl":"https:\/\/elektromechanika-pojazdowa.eu\/wp-content\/uploads\/2023\/06\/kompt1.png","datePublished":"2023-04-19T19:11:29+00:00","dateModified":"2023-06-18T12:44:31+00:00","inLanguage":"en-US","potentialAction":[{"@type":"ReadAction","target":["https:\/\/elektromechanika-pojazdowa.eu\/index.php\/diagnostyka\/"]}]},{"@type":"ImageObject","inLanguage":"en-US","@id":"https:\/\/elektromechanika-pojazdowa.eu\/index.php\/diagnostyka\/#primaryimage","url":"https:\/\/elektromechanika-pojazdowa.eu\/wp-content\/uploads\/2023\/06\/kompt1.png","contentUrl":"https:\/\/elektromechanika-pojazdowa.eu\/wp-content\/uploads\/2023\/06\/kompt1.png","width":829,"height":492},{"@type":"WebSite","@id":"https:\/\/elektromechanika-pojazdowa.eu\/#website","url":"https:\/\/elektromechanika-pojazdowa.eu\/","name":"Elektromechanika Pojazdowa","description":"","publisher":{"@id":"https:\/\/elektromechanika-pojazdowa.eu\/#organization"},"alternateName":"Mechanik samochodowy","potentialAction":[{"@type":"SearchAction","target":{"@type":"EntryPoint","urlTemplate":"https:\/\/elektromechanika-pojazdowa.eu\/?s={search_term_string}"},"query-input":"required name=search_term_string"}],"inLanguage":"en-US"},{"@type":"Organization","@id":"https:\/\/elektromechanika-pojazdowa.eu\/#organization","name":"Elektromechanika Pojazdowa","url":"https:\/\/elektromechanika-pojazdowa.eu\/","logo":{"@type":"ImageObject","inLanguage":"en-US","@id":"https:\/\/elektromechanika-pojazdowa.eu\/#\/schema\/logo\/image\/","url":"https:\/\/elektromechanika-pojazdowa.eu\/wp-content\/uploads\/2023\/06\/pro2.jpg","contentUrl":"https:\/\/elektromechanika-pojazdowa.eu\/wp-content\/uploads\/2023\/06\/pro2.jpg","width":1181,"height":999,"caption":"Elektromechanika Pojazdowa"},"image":{"@id":"https:\/\/elektromechanika-pojazdowa.eu\/#\/schema\/logo\/image\/"},"sameAs":["https:\/\/www.facebook.com\/profile.php?id=61556998676595"]}]}},"_links":{"self":[{"href":"https:\/\/elektromechanika-pojazdowa.eu\/index.php\/wp-json\/wp\/v2\/pages\/169","targetHints":{"allow":["GET"]}}],"collection":[{"href":"https:\/\/elektromechanika-pojazdowa.eu\/index.php\/wp-json\/wp\/v2\/pages"}],"about":[{"href":"https:\/\/elektromechanika-pojazdowa.eu\/index.php\/wp-json\/wp\/v2\/types\/page"}],"author":[{"embeddable":true,"href":"https:\/\/elektromechanika-pojazdowa.eu\/index.php\/wp-json\/wp\/v2\/users\/1"}],"replies":[{"embeddable":true,"href":"https:\/\/elektromechanika-pojazdowa.eu\/index.php\/wp-json\/wp\/v2\/comments?post=169"}],"version-history":[{"count":4,"href":"https:\/\/elektromechanika-pojazdowa.eu\/index.php\/wp-json\/wp\/v2\/pages\/169\/revisions"}],"predecessor-version":[{"id":347,"href":"https:\/\/elektromechanika-pojazdowa.eu\/index.php\/wp-json\/wp\/v2\/pages\/169\/revisions\/347"}],"wp:attachment":[{"href":"https:\/\/elektromechanika-pojazdowa.eu\/index.php\/wp-json\/wp\/v2\/media?parent=169"}],"curies":[{"name":"wp","href":"https:\/\/api.w.org\/{rel}","templated":true}]}}