{"id":174,"date":"2023-05-22T12:47:10","date_gmt":"2023-05-22T10:47:10","guid":{"rendered":"http:\/\/www.elektromechanika-samochodowa.pl\/?page_id=174"},"modified":"2023-06-18T12:40:01","modified_gmt":"2023-06-18T12:40:01","slug":"174-2","status":"publish","type":"page","link":"https:\/\/elektromechanika-pojazdowa.eu\/index.php\/174-2\/","title":{"rendered":""},"content":{"rendered":"\n<div style=\"height:38px\" aria-hidden=\"true\" class=\"wp-block-spacer\"><\/div>\n\n\n\n<h6 class=\"wp-block-heading has-text-align-center has-neve-link-hover-color-color has-nv-light-bg-background-color has-text-color has-background\"><strong>Czyszczenie EGR<\/strong><\/h6>\n\n\n\n<h6 class=\"wp-block-heading has-text-align-center has-neve-link-hover-color-color has-nv-light-bg-background-color has-text-color has-background\"><strong>Regeneracja zacisk\u00f3w hamulcowych<\/strong><\/h6>\n\n\n\n<h6 class=\"wp-block-heading has-text-align-center has-neve-link-hover-color-color has-nv-light-bg-background-color has-text-color has-background\"><strong>Wymiana amortyzator<\/strong>\u00f3w<\/h6>\n\n\n\n<h6 class=\"wp-block-heading has-text-align-center has-neve-link-hover-color-color has-nv-light-bg-background-color has-text-color has-background\"><strong>Wymiana ch\u0142odnic<\/strong><\/h6>\n\n\n\n<h6 class=\"wp-block-heading has-text-align-center has-neve-link-hover-color-color has-nv-light-bg-background-color has-text-color has-background\"><strong>Wymiana intercoolera<\/strong><\/h6>\n\n\n\n<h6 class=\"wp-block-heading has-text-align-center has-neve-link-hover-color-color has-nv-light-bg-background-color has-text-color has-background\"><strong>Wymiana klock\u00f3w hamulcowych<\/strong><\/h6>\n\n\n\n<h6 class=\"wp-block-heading has-text-align-center has-neve-link-hover-color-color has-nv-light-bg-background-color has-text-color has-background\"><strong>Wymiana linki hamulca r\u0119cznego<\/strong><\/h6>\n\n\n\n<h6 class=\"wp-block-heading has-text-align-center has-neve-link-hover-color-color has-nv-light-bg-background-color has-text-color has-background\"><strong>Wymiana \u0142\u0105cznika stabilizatora<\/strong><\/h6>\n\n\n\n<h6 class=\"wp-block-heading has-text-align-center has-neve-link-hover-color-color has-nv-light-bg-background-color has-text-color has-background\"><strong>Wymiana \u0142o\u017cyska ko\u0142a<\/strong><\/h6>\n\n\n\n<h6 class=\"wp-block-heading has-text-align-center has-neve-link-hover-color-color has-nv-light-bg-background-color has-text-color has-background\"><strong>Wymiana paska klinowego<\/strong><\/h6>\n\n\n\n<h6 class=\"wp-block-heading has-text-align-center has-neve-link-hover-color-color has-nv-light-bg-background-color has-text-color has-background\"><strong>Wymiana paska rozrz\u0105du<\/strong><\/h6>\n\n\n\n<h6 class=\"wp-block-heading has-text-align-center has-neve-link-hover-color-color has-nv-light-bg-background-color has-text-color has-background\"><strong>Wymiana p\u0142ynu ch\u0142odniczego<\/strong><\/h6>\n\n\n\n<h6 class=\"wp-block-heading has-text-align-center has-neve-link-hover-color-color has-nv-light-bg-background-color has-text-color has-background\"><strong>Wymiana p\u0142ynu hamulcowego<\/strong><\/h6>\n\n\n\n<h6 class=\"wp-block-heading has-text-align-center has-neve-link-hover-color-color has-nv-light-bg-background-color has-text-color has-background\"><strong>Wymiana poduszki silnika<\/strong><\/h6>\n\n\n\n<h6 class=\"wp-block-heading has-text-align-center has-neve-link-hover-color-color has-nv-light-bg-background-color has-text-color has-background\"><strong>Wymiana pompy paliwa<\/strong><\/h6>\n\n\n\n<h6 class=\"wp-block-heading has-text-align-center has-neve-link-hover-color-color has-nv-light-bg-background-color has-text-color has-background\"><strong>Wymiana pompy wody<\/strong><\/h6>\n\n\n\n<h6 class=\"wp-block-heading has-text-align-center has-neve-link-hover-color-color has-nv-light-bg-background-color has-text-color has-background\"><strong>Wymiana p\u00f3\u0142osi<\/strong><\/h6>\n\n\n\n<h6 class=\"wp-block-heading has-text-align-center has-neve-link-hover-color-color has-nv-light-bg-background-color has-text-color has-background\"><strong>Wymiana przegubu nap\u0119dowego<\/strong><\/h6>\n\n\n\n<h6 class=\"wp-block-heading has-text-align-center has-neve-link-hover-color-color has-nv-light-bg-background-color has-text-color has-background\"><strong>Wymiana przewodu hamulcowego<\/strong><\/h6>\n\n\n\n<h6 class=\"wp-block-heading has-text-align-center has-neve-link-hover-color-color has-nv-light-bg-background-color has-text-color has-background\"><strong>Wymiana sondy lambda<\/strong><\/h6>\n\n\n\n<h6 class=\"wp-block-heading has-text-align-center has-neve-link-hover-color-color has-nv-light-bg-background-color has-text-color has-background\"><strong>Wymiana spr\u0119\u017cyny zawieszenia<\/strong><\/h6>\n\n\n\n<h6 class=\"wp-block-heading has-text-align-center has-neve-link-hover-color-color has-nv-light-bg-background-color has-text-color has-background\"><strong>Wymiana sprz\u0119g\u0142a<\/strong><\/h6>\n\n\n\n<h6 class=\"wp-block-heading has-text-align-center has-neve-link-hover-color-color has-nv-light-bg-background-color has-text-color has-background\"><strong>Wymiana sworznia wahacza<\/strong><\/h6>\n\n\n<div class=\"wp-block-image icon-style is-style-rounded\">\n<figure class=\"aligncenter size-thumbnail is-resized\"><img loading=\"lazy\" decoding=\"async\" src=\"https:\/\/elektromechanika-pojazdowa.eu\/wp-content\/uploads\/2023\/06\/pikt1-150x150.jpg\" alt=\"\" class=\"wp-image-213\" width=\"70\" height=\"70\" srcset=\"https:\/\/elektromechanika-pojazdowa.eu\/wp-content\/uploads\/2023\/06\/pikt1-150x150.jpg 150w, https:\/\/elektromechanika-pojazdowa.eu\/wp-content\/uploads\/2023\/06\/pikt1-300x300.jpg 300w, https:\/\/elektromechanika-pojazdowa.eu\/wp-content\/uploads\/2023\/06\/pikt1.jpg 700w\" sizes=\"auto, (max-width: 70px) 100vw, 70px\" \/><\/figure>\n<\/div>\n\n\n<h3 class=\"wp-block-heading has-text-align-center has-text-color\" style=\"color:#01216b\">Zadzwo\u0144<\/h3>\n\n\n\n<p class=\"has-text-align-center has-neve-text-color-color has-text-color\" style=\"font-size:15px\">795 669 909<\/p>\n\n\n\n<div style=\"height:40px\" aria-hidden=\"true\" class=\"wp-block-spacer\"><\/div>\n","protected":false},"excerpt":{"rendered":"<p>Czyszczenie EGR Regeneracja zacisk\u00f3w hamulcowych Wymiana amortyzator\u00f3w Wymiana ch\u0142odnic Wymiana intercoolera Wymiana klock\u00f3w hamulcowych Wymiana linki hamulca r\u0119cznego Wymiana \u0142\u0105cznika stabilizatora Wymiana \u0142o\u017cyska ko\u0142a Wymiana paska klinowego Wymiana paska rozrz\u0105du Wymiana p\u0142ynu ch\u0142odniczego Wymiana p\u0142ynu hamulcowego Wymiana poduszki silnika Wymiana pompy paliwa Wymiana pompy wody Wymiana p\u00f3\u0142osi Wymiana przegubu nap\u0119dowego Wymiana przewodu hamulcowego Wymiana sondy&hellip;&nbsp;<a href=\"https:\/\/elektromechanika-pojazdowa.eu\/index.php\/174-2\/\" class=\"\" rel=\"bookmark\">Read More &raquo;<span class=\"screen-reader-text\"><\/span><\/a><\/p>\n","protected":false},"author":1,"featured_media":0,"parent":0,"menu_order":0,"comment_status":"closed","ping_status":"closed","template":"","meta":{"neve_meta_sidebar":"","neve_meta_container":"","neve_meta_enable_content_width":"","neve_meta_content_width":0,"neve_meta_title_alignment":"","neve_meta_author_avatar":"","neve_post_elements_order":"","neve_meta_disable_header":"","neve_meta_disable_footer":"","neve_meta_disable_title":"","footnotes":""},"class_list":["post-174","page","type-page","status-publish","hentry"],"yoast_head":"<!-- This site is optimized with the Yoast SEO plugin v22.8 - https:\/\/yoast.com\/wordpress\/plugins\/seo\/ -->\n<title>-<\/title>\n<meta name=\"robots\" content=\"index, follow, max-snippet:-1, max-image-preview:large, max-video-preview:-1\" \/>\n<link rel=\"canonical\" href=\"https:\/\/elektromechanika-pojazdowa.eu\/index.php\/174-2\/\" \/>\n<meta property=\"og:locale\" content=\"en_US\" \/>\n<meta property=\"og:type\" content=\"article\" \/>\n<meta property=\"og:title\" content=\"-\" \/>\n<meta property=\"og:description\" content=\"Czyszczenie EGR Regeneracja zacisk\u00f3w hamulcowych Wymiana amortyzator\u00f3w Wymiana ch\u0142odnic Wymiana intercoolera Wymiana klock\u00f3w hamulcowych Wymiana linki hamulca r\u0119cznego Wymiana \u0142\u0105cznika stabilizatora Wymiana \u0142o\u017cyska ko\u0142a Wymiana paska klinowego Wymiana paska rozrz\u0105du Wymiana p\u0142ynu ch\u0142odniczego Wymiana p\u0142ynu hamulcowego Wymiana poduszki silnika Wymiana pompy paliwa Wymiana pompy wody Wymiana p\u00f3\u0142osi Wymiana przegubu nap\u0119dowego Wymiana przewodu hamulcowego Wymiana sondy&hellip;&nbsp;Read More &raquo;\" \/>\n<meta property=\"og:url\" content=\"https:\/\/elektromechanika-pojazdowa.eu\/index.php\/174-2\/\" \/>\n<meta property=\"article:publisher\" content=\"https:\/\/www.facebook.com\/profile.php?id=61556998676595\" \/>\n<meta property=\"article:modified_time\" content=\"2023-06-18T12:40:01+00:00\" \/>\n<meta property=\"og:image\" content=\"https:\/\/elektromechanika-pojazdowa.eu\/wp-content\/uploads\/2023\/06\/pikt1-150x150.jpg\" \/>\n<meta name=\"twitter:card\" content=\"summary_large_image\" \/>\n<script type=\"application\/ld+json\" class=\"yoast-schema-graph\">{\"@context\":\"https:\/\/schema.org\",\"@graph\":[{\"@type\":\"WebPage\",\"@id\":\"https:\/\/elektromechanika-pojazdowa.eu\/index.php\/174-2\/\",\"url\":\"https:\/\/elektromechanika-pojazdowa.eu\/index.php\/174-2\/\",\"name\":\"-\",\"isPartOf\":{\"@id\":\"https:\/\/elektromechanika-pojazdowa.eu\/#website\"},\"primaryImageOfPage\":{\"@id\":\"https:\/\/elektromechanika-pojazdowa.eu\/index.php\/174-2\/#primaryimage\"},\"image\":{\"@id\":\"https:\/\/elektromechanika-pojazdowa.eu\/index.php\/174-2\/#primaryimage\"},\"thumbnailUrl\":\"https:\/\/elektromechanika-pojazdowa.eu\/wp-content\/uploads\/2023\/06\/pikt1-150x150.jpg\",\"datePublished\":\"2023-05-22T10:47:10+00:00\",\"dateModified\":\"2023-06-18T12:40:01+00:00\",\"inLanguage\":\"en-US\",\"potentialAction\":[{\"@type\":\"ReadAction\",\"target\":[\"https:\/\/elektromechanika-pojazdowa.eu\/index.php\/174-2\/\"]}]},{\"@type\":\"ImageObject\",\"inLanguage\":\"en-US\",\"@id\":\"https:\/\/elektromechanika-pojazdowa.eu\/index.php\/174-2\/#primaryimage\",\"url\":\"https:\/\/elektromechanika-pojazdowa.eu\/wp-content\/uploads\/2023\/06\/pikt1.jpg\",\"contentUrl\":\"https:\/\/elektromechanika-pojazdowa.eu\/wp-content\/uploads\/2023\/06\/pikt1.jpg\",\"width\":700,\"height\":700},{\"@type\":\"WebSite\",\"@id\":\"https:\/\/elektromechanika-pojazdowa.eu\/#website\",\"url\":\"https:\/\/elektromechanika-pojazdowa.eu\/\",\"name\":\"Elektromechanika Pojazdowa\",\"description\":\"\",\"publisher\":{\"@id\":\"https:\/\/elektromechanika-pojazdowa.eu\/#organization\"},\"alternateName\":\"Mechanik samochodowy\",\"potentialAction\":[{\"@type\":\"SearchAction\",\"target\":{\"@type\":\"EntryPoint\",\"urlTemplate\":\"https:\/\/elektromechanika-pojazdowa.eu\/?s={search_term_string}\"},\"query-input\":\"required name=search_term_string\"}],\"inLanguage\":\"en-US\"},{\"@type\":\"Organization\",\"@id\":\"https:\/\/elektromechanika-pojazdowa.eu\/#organization\",\"name\":\"Elektromechanika Pojazdowa\",\"url\":\"https:\/\/elektromechanika-pojazdowa.eu\/\",\"logo\":{\"@type\":\"ImageObject\",\"inLanguage\":\"en-US\",\"@id\":\"https:\/\/elektromechanika-pojazdowa.eu\/#\/schema\/logo\/image\/\",\"url\":\"https:\/\/elektromechanika-pojazdowa.eu\/wp-content\/uploads\/2023\/06\/pro2.jpg\",\"contentUrl\":\"https:\/\/elektromechanika-pojazdowa.eu\/wp-content\/uploads\/2023\/06\/pro2.jpg\",\"width\":1181,\"height\":999,\"caption\":\"Elektromechanika Pojazdowa\"},\"image\":{\"@id\":\"https:\/\/elektromechanika-pojazdowa.eu\/#\/schema\/logo\/image\/\"},\"sameAs\":[\"https:\/\/www.facebook.com\/profile.php?id=61556998676595\"]}]}<\/script>\n<!-- \/ Yoast SEO plugin. -->","yoast_head_json":{"title":"-","robots":{"index":"index","follow":"follow","max-snippet":"max-snippet:-1","max-image-preview":"max-image-preview:large","max-video-preview":"max-video-preview:-1"},"canonical":"https:\/\/elektromechanika-pojazdowa.eu\/index.php\/174-2\/","og_locale":"en_US","og_type":"article","og_title":"-","og_description":"Czyszczenie EGR Regeneracja zacisk\u00f3w hamulcowych Wymiana amortyzator\u00f3w Wymiana ch\u0142odnic Wymiana intercoolera Wymiana klock\u00f3w hamulcowych Wymiana linki hamulca r\u0119cznego Wymiana \u0142\u0105cznika stabilizatora Wymiana \u0142o\u017cyska ko\u0142a Wymiana paska klinowego Wymiana paska rozrz\u0105du Wymiana p\u0142ynu ch\u0142odniczego Wymiana p\u0142ynu hamulcowego Wymiana poduszki silnika Wymiana pompy paliwa Wymiana pompy wody Wymiana p\u00f3\u0142osi Wymiana przegubu nap\u0119dowego Wymiana przewodu hamulcowego Wymiana sondy&hellip;&nbsp;Read More &raquo;","og_url":"https:\/\/elektromechanika-pojazdowa.eu\/index.php\/174-2\/","article_publisher":"https:\/\/www.facebook.com\/profile.php?id=61556998676595","article_modified_time":"2023-06-18T12:40:01+00:00","og_image":[{"url":"https:\/\/elektromechanika-pojazdowa.eu\/wp-content\/uploads\/2023\/06\/pikt1-150x150.jpg"}],"twitter_card":"summary_large_image","schema":{"@context":"https:\/\/schema.org","@graph":[{"@type":"WebPage","@id":"https:\/\/elektromechanika-pojazdowa.eu\/index.php\/174-2\/","url":"https:\/\/elektromechanika-pojazdowa.eu\/index.php\/174-2\/","name":"-","isPartOf":{"@id":"https:\/\/elektromechanika-pojazdowa.eu\/#website"},"primaryImageOfPage":{"@id":"https:\/\/elektromechanika-pojazdowa.eu\/index.php\/174-2\/#primaryimage"},"image":{"@id":"https:\/\/elektromechanika-pojazdowa.eu\/index.php\/174-2\/#primaryimage"},"thumbnailUrl":"https:\/\/elektromechanika-pojazdowa.eu\/wp-content\/uploads\/2023\/06\/pikt1-150x150.jpg","datePublished":"2023-05-22T10:47:10+00:00","dateModified":"2023-06-18T12:40:01+00:00","inLanguage":"en-US","potentialAction":[{"@type":"ReadAction","target":["https:\/\/elektromechanika-pojazdowa.eu\/index.php\/174-2\/"]}]},{"@type":"ImageObject","inLanguage":"en-US","@id":"https:\/\/elektromechanika-pojazdowa.eu\/index.php\/174-2\/#primaryimage","url":"https:\/\/elektromechanika-pojazdowa.eu\/wp-content\/uploads\/2023\/06\/pikt1.jpg","contentUrl":"https:\/\/elektromechanika-pojazdowa.eu\/wp-content\/uploads\/2023\/06\/pikt1.jpg","width":700,"height":700},{"@type":"WebSite","@id":"https:\/\/elektromechanika-pojazdowa.eu\/#website","url":"https:\/\/elektromechanika-pojazdowa.eu\/","name":"Elektromechanika Pojazdowa","description":"","publisher":{"@id":"https:\/\/elektromechanika-pojazdowa.eu\/#organization"},"alternateName":"Mechanik samochodowy","potentialAction":[{"@type":"SearchAction","target":{"@type":"EntryPoint","urlTemplate":"https:\/\/elektromechanika-pojazdowa.eu\/?s={search_term_string}"},"query-input":"required name=search_term_string"}],"inLanguage":"en-US"},{"@type":"Organization","@id":"https:\/\/elektromechanika-pojazdowa.eu\/#organization","name":"Elektromechanika Pojazdowa","url":"https:\/\/elektromechanika-pojazdowa.eu\/","logo":{"@type":"ImageObject","inLanguage":"en-US","@id":"https:\/\/elektromechanika-pojazdowa.eu\/#\/schema\/logo\/image\/","url":"https:\/\/elektromechanika-pojazdowa.eu\/wp-content\/uploads\/2023\/06\/pro2.jpg","contentUrl":"https:\/\/elektromechanika-pojazdowa.eu\/wp-content\/uploads\/2023\/06\/pro2.jpg","width":1181,"height":999,"caption":"Elektromechanika Pojazdowa"},"image":{"@id":"https:\/\/elektromechanika-pojazdowa.eu\/#\/schema\/logo\/image\/"},"sameAs":["https:\/\/www.facebook.com\/profile.php?id=61556998676595"]}]}},"_links":{"self":[{"href":"https:\/\/elektromechanika-pojazdowa.eu\/index.php\/wp-json\/wp\/v2\/pages\/174","targetHints":{"allow":["GET"]}}],"collection":[{"href":"https:\/\/elektromechanika-pojazdowa.eu\/index.php\/wp-json\/wp\/v2\/pages"}],"about":[{"href":"https:\/\/elektromechanika-pojazdowa.eu\/index.php\/wp-json\/wp\/v2\/types\/page"}],"author":[{"embeddable":true,"href":"https:\/\/elektromechanika-pojazdowa.eu\/index.php\/wp-json\/wp\/v2\/users\/1"}],"replies":[{"embeddable":true,"href":"https:\/\/elektromechanika-pojazdowa.eu\/index.php\/wp-json\/wp\/v2\/comments?post=174"}],"version-history":[{"count":3,"href":"https:\/\/elektromechanika-pojazdowa.eu\/index.php\/wp-json\/wp\/v2\/pages\/174\/revisions"}],"predecessor-version":[{"id":336,"href":"https:\/\/elektromechanika-pojazdowa.eu\/index.php\/wp-json\/wp\/v2\/pages\/174\/revisions\/336"}],"wp:attachment":[{"href":"https:\/\/elektromechanika-pojazdowa.eu\/index.php\/wp-json\/wp\/v2\/media?parent=174"}],"curies":[{"name":"wp","href":"https:\/\/api.w.org\/{rel}","templated":true}]}}