{"id":9,"date":"2023-04-14T19:43:58","date_gmt":"2023-04-14T17:43:58","guid":{"rendered":"http:\/\/www.elektromechanika-samochodowa.pl\/?page_id=7"},"modified":"2024-06-07T12:02:17","modified_gmt":"2024-06-07T12:02:17","slug":"informacje","status":"publish","type":"page","link":"https:\/\/elektromechanika-pojazdowa.eu\/index.php\/informacje\/","title":{"rendered":"O NAS"},"content":{"rendered":"\n<div class=\"wp-block-cover alignfull\" style=\"min-height:865px;aspect-ratio:unset;\"><span aria-hidden=\"true\" class=\"wp-block-cover__background has-nv-light-bg-background-color has-background-dim-100 has-background-dim\"><\/span><div class=\"wp-block-cover__inner-container is-layout-flow wp-block-cover-is-layout-flow\">\n<div class=\"wp-block-group\"><div class=\"wp-block-group__inner-container is-layout-flow wp-block-group-is-layout-flow\">\n<div style=\"height:80px\" aria-hidden=\"true\" class=\"wp-block-spacer\"><\/div>\n\n\n\n<div class=\"wp-block-columns are-vertically-aligned-center is-layout-flex wp-container-core-columns-is-layout-9d6595d7 wp-block-columns-is-layout-flex\">\n<div class=\"wp-block-column is-vertically-aligned-center is-layout-flow wp-block-column-is-layout-flow\" style=\"flex-basis:50%\"><div class=\"wp-block-image size-large\">\n<figure class=\"aligncenter is-resized\"><img loading=\"lazy\" decoding=\"async\" width=\"1024\" height=\"711\" src=\"http:\/\/elektromechanika-pojazdowa.eu\/wp-content\/uploads\/2023\/06\/tractor-310214_1280-1024x711.png\" alt=\"\" class=\"wp-image-253\" style=\"width:295px;height:205px\" srcset=\"https:\/\/elektromechanika-pojazdowa.eu\/wp-content\/uploads\/2023\/06\/tractor-310214_1280-1024x711.png 1024w, https:\/\/elektromechanika-pojazdowa.eu\/wp-content\/uploads\/2023\/06\/tractor-310214_1280-300x208.png 300w, https:\/\/elektromechanika-pojazdowa.eu\/wp-content\/uploads\/2023\/06\/tractor-310214_1280-768x533.png 768w, https:\/\/elektromechanika-pojazdowa.eu\/wp-content\/uploads\/2023\/06\/tractor-310214_1280.png 1280w\" sizes=\"auto, (max-width: 1024px) 100vw, 1024px\" \/><\/figure>\n<\/div>\n\n\n<p><\/p>\n\n\n<div class=\"wp-block-image\">\n<figure class=\"aligncenter size-large is-resized\"><img loading=\"lazy\" decoding=\"async\" width=\"1024\" height=\"630\" src=\"http:\/\/elektromechanika-pojazdowa.eu\/wp-content\/uploads\/2023\/06\/car-g05c1fee87_1280-1024x630.png\" alt=\"\" class=\"wp-image-255\" style=\"width:427px;height:263px\" srcset=\"https:\/\/elektromechanika-pojazdowa.eu\/wp-content\/uploads\/2023\/06\/car-g05c1fee87_1280-1024x630.png 1024w, https:\/\/elektromechanika-pojazdowa.eu\/wp-content\/uploads\/2023\/06\/car-g05c1fee87_1280-300x184.png 300w, https:\/\/elektromechanika-pojazdowa.eu\/wp-content\/uploads\/2023\/06\/car-g05c1fee87_1280-768x472.png 768w, https:\/\/elektromechanika-pojazdowa.eu\/wp-content\/uploads\/2023\/06\/car-g05c1fee87_1280.png 1280w\" sizes=\"auto, (max-width: 1024px) 100vw, 1024px\" \/><\/figure>\n<\/div><\/div>\n\n\n\n<div class=\"wp-block-column is-vertically-aligned-center is-layout-flow wp-block-column-is-layout-flow\" style=\"flex-basis:50%\">\n<h2 class=\"wp-block-heading has-text-align-center has-neve-link-hover-color-color has-text-color\">O NAS<\/h2>\n\n\n\n<p class=\"has-nv-dark-bg-color has-text-color\"><strong>Je\u017celi chcesz dokona\u0107 fachowej naprawy, b\u0105d\u017a&nbsp;serwisu, to&nbsp;jest odpowiednie miejsce.<\/strong><\/p>\n\n\n\n<p class=\"has-nv-dark-bg-color has-text-color\">Naszym podstawowym atutem jest do\u015bwiadczenie oraz terminowo\u015b\u0107 wykonywanych us\u0142ug w nowocze\u015bnie wyposa\u017conym serwisie.<\/p>\n\n\n\n<p class=\"has-neve-link-hover-color-color has-text-color\">elektryka, elektronika, mechanika, serwis olejowo-hamulcowy, klimatyzacja obs\u0142uga-naprawa, ogrzewanie postojowe serwis-naprawa, serwis k\u00f3\u0142 i opon<\/p>\n\n\n\n<p class=\"has-nv-dark-bg-color has-text-color\">Posiadamy bogaty asortyment markowych produkt\u00f3w, przy ich&nbsp;wyborze s\u0142u\u017cymy fachowym doradztwem.<\/p>\n\n\n\n<p class=\"has-neve-link-hover-color-color has-text-color\"><strong>SERDECZNIE ZAPRASZAMY DO&nbsp;ZAPOZNANIA SI\u0118 Z&nbsp;NASZ\u0104&nbsp;OFERT\u0104 <\/strong><\/p>\n\n\n\n<div style=\"height:15px\" aria-hidden=\"true\" class=\"wp-block-spacer\"><\/div>\n\n\n<div class=\"wp-block-image icon-style is-style-rounded\">\n<figure class=\"aligncenter size-thumbnail is-resized\"><img loading=\"lazy\" decoding=\"async\" width=\"150\" height=\"150\" src=\"https:\/\/elektromechanika-pojazdowa.eu\/wp-content\/uploads\/2023\/06\/pikt1-150x150.jpg\" alt=\"\" class=\"wp-image-213\" style=\"width:70px;height:70px\" srcset=\"https:\/\/elektromechanika-pojazdowa.eu\/wp-content\/uploads\/2023\/06\/pikt1-150x150.jpg 150w, https:\/\/elektromechanika-pojazdowa.eu\/wp-content\/uploads\/2023\/06\/pikt1-300x300.jpg 300w, https:\/\/elektromechanika-pojazdowa.eu\/wp-content\/uploads\/2023\/06\/pikt1.jpg 700w\" sizes=\"auto, (max-width: 150px) 100vw, 150px\" \/><\/figure>\n<\/div>\n\n\n<h3 class=\"wp-block-heading has-text-align-center has-text-color\" style=\"color:#01216b\">Zadzwo\u0144<\/h3>\n\n\n\n<p class=\"has-text-align-center has-neve-text-color-color has-text-color\" style=\"font-size:15px\">795 669 909<\/p>\n<\/div>\n<\/div>\n\n\n\n<ul class=\"wp-block-social-links is-content-justification-center is-layout-flex wp-container-core-social-links-is-layout-16018d1d wp-block-social-links-is-layout-flex\"><li class=\"wp-social-link wp-social-link-facebook  wp-block-social-link\"><a href=\"https:\/\/www.facebook.com\/profile.php?id=61556998676595\" class=\"wp-block-social-link-anchor\"><svg width=\"24\" height=\"24\" viewBox=\"0 0 24 24\" version=\"1.1\" xmlns=\"http:\/\/www.w3.org\/2000\/svg\" aria-hidden=\"true\" focusable=\"false\"><path d=\"M12 2C6.5 2 2 6.5 2 12c0 5 3.7 9.1 8.4 9.9v-7H7.9V12h2.5V9.8c0-2.5 1.5-3.9 3.8-3.9 1.1 0 2.2.2 2.2.2v2.5h-1.3c-1.2 0-1.6.8-1.6 1.6V12h2.8l-.4 2.9h-2.3v7C18.3 21.1 22 17 22 12c0-5.5-4.5-10-10-10z\"><\/path><\/svg><span class=\"wp-block-social-link-label screen-reader-text\">Facebook<\/span><\/a><\/li>\n\n<li class=\"wp-social-link wp-social-link-instagram  wp-block-social-link\"><a href=\"https:\/\/asdsadsad\" class=\"wp-block-social-link-anchor\"><svg width=\"24\" height=\"24\" viewBox=\"0 0 24 24\" version=\"1.1\" xmlns=\"http:\/\/www.w3.org\/2000\/svg\" aria-hidden=\"true\" focusable=\"false\"><path d=\"M12,4.622c2.403,0,2.688,0.009,3.637,0.052c0.877,0.04,1.354,0.187,1.671,0.31c0.42,0.163,0.72,0.358,1.035,0.673 c0.315,0.315,0.51,0.615,0.673,1.035c0.123,0.317,0.27,0.794,0.31,1.671c0.043,0.949,0.052,1.234,0.052,3.637 s-0.009,2.688-0.052,3.637c-0.04,0.877-0.187,1.354-0.31,1.671c-0.163,0.42-0.358,0.72-0.673,1.035 c-0.315,0.315-0.615,0.51-1.035,0.673c-0.317,0.123-0.794,0.27-1.671,0.31c-0.949,0.043-1.233,0.052-3.637,0.052 s-2.688-0.009-3.637-0.052c-0.877-0.04-1.354-0.187-1.671-0.31c-0.42-0.163-0.72-0.358-1.035-0.673 c-0.315-0.315-0.51-0.615-0.673-1.035c-0.123-0.317-0.27-0.794-0.31-1.671C4.631,14.688,4.622,14.403,4.622,12 s0.009-2.688,0.052-3.637c0.04-0.877,0.187-1.354,0.31-1.671c0.163-0.42,0.358-0.72,0.673-1.035 c0.315-0.315,0.615-0.51,1.035-0.673c0.317-0.123,0.794-0.27,1.671-0.31C9.312,4.631,9.597,4.622,12,4.622 M12,3 C9.556,3,9.249,3.01,8.289,3.054C7.331,3.098,6.677,3.25,6.105,3.472C5.513,3.702,5.011,4.01,4.511,4.511 c-0.5,0.5-0.808,1.002-1.038,1.594C3.25,6.677,3.098,7.331,3.054,8.289C3.01,9.249,3,9.556,3,12c0,2.444,0.01,2.751,0.054,3.711 c0.044,0.958,0.196,1.612,0.418,2.185c0.23,0.592,0.538,1.094,1.038,1.594c0.5,0.5,1.002,0.808,1.594,1.038 c0.572,0.222,1.227,0.375,2.185,0.418C9.249,20.99,9.556,21,12,21s2.751-0.01,3.711-0.054c0.958-0.044,1.612-0.196,2.185-0.418 c0.592-0.23,1.094-0.538,1.594-1.038c0.5-0.5,0.808-1.002,1.038-1.594c0.222-0.572,0.375-1.227,0.418-2.185 C20.99,14.751,21,14.444,21,12s-0.01-2.751-0.054-3.711c-0.044-0.958-0.196-1.612-0.418-2.185c-0.23-0.592-0.538-1.094-1.038-1.594 c-0.5-0.5-1.002-0.808-1.594-1.038c-0.572-0.222-1.227-0.375-2.185-0.418C14.751,3.01,14.444,3,12,3L12,3z M12,7.378 c-2.552,0-4.622,2.069-4.622,4.622S9.448,16.622,12,16.622s4.622-2.069,4.622-4.622S14.552,7.378,12,7.378z M12,15 c-1.657,0-3-1.343-3-3s1.343-3,3-3s3,1.343,3,3S13.657,15,12,15z M16.804,6.116c-0.596,0-1.08,0.484-1.08,1.08 s0.484,1.08,1.08,1.08c0.596,0,1.08-0.484,1.08-1.08S17.401,6.116,16.804,6.116z\"><\/path><\/svg><span class=\"wp-block-social-link-label screen-reader-text\">Instagram<\/span><\/a><\/li><\/ul>\n\n\n\n<div style=\"height:40px\" aria-hidden=\"true\" class=\"wp-block-spacer\"><\/div>\n<\/div><\/div>\n<\/div><\/div>\n\n\n\n<div style=\"height:81px\" aria-hidden=\"true\" class=\"wp-block-spacer\"><\/div>\n","protected":false},"excerpt":{"rendered":"","protected":false},"author":1,"featured_media":0,"parent":0,"menu_order":0,"comment_status":"closed","ping_status":"closed","template":"","meta":{"neve_meta_sidebar":"","neve_meta_container":"","neve_meta_enable_content_width":"on","neve_meta_content_width":100,"neve_meta_title_alignment":"","neve_meta_author_avatar":"","neve_post_elements_order":"","neve_meta_disable_header":"","neve_meta_disable_footer":"","neve_meta_disable_title":"on","footnotes":""},"class_list":["post-9","page","type-page","status-publish","hentry"],"yoast_head":"<!-- This site is optimized with the Yoast SEO plugin v22.8 - https:\/\/yoast.com\/wordpress\/plugins\/seo\/ -->\n<title>O NAS -<\/title>\n<meta name=\"robots\" content=\"index, follow, max-snippet:-1, max-image-preview:large, max-video-preview:-1\" \/>\n<link rel=\"canonical\" href=\"https:\/\/elektromechanika-pojazdowa.eu\/index.php\/informacje\/\" \/>\n<meta property=\"og:locale\" content=\"en_US\" \/>\n<meta property=\"og:type\" content=\"article\" \/>\n<meta property=\"og:title\" content=\"O NAS -\" \/>\n<meta property=\"og:url\" content=\"https:\/\/elektromechanika-pojazdowa.eu\/index.php\/informacje\/\" \/>\n<meta property=\"article:publisher\" content=\"https:\/\/www.facebook.com\/profile.php?id=61556998676595\" \/>\n<meta property=\"article:modified_time\" content=\"2024-06-07T12:02:17+00:00\" \/>\n<meta property=\"og:image\" content=\"http:\/\/elektromechanika-pojazdowa.eu\/wp-content\/uploads\/2023\/06\/tractor-310214_1280-1024x711.png\" \/>\n<meta name=\"twitter:card\" content=\"summary_large_image\" \/>\n<meta name=\"twitter:label1\" content=\"Est. reading time\" \/>\n\t<meta name=\"twitter:data1\" content=\"1 minute\" \/>\n<script type=\"application\/ld+json\" class=\"yoast-schema-graph\">{\"@context\":\"https:\/\/schema.org\",\"@graph\":[{\"@type\":\"WebPage\",\"@id\":\"https:\/\/elektromechanika-pojazdowa.eu\/index.php\/informacje\/\",\"url\":\"https:\/\/elektromechanika-pojazdowa.eu\/index.php\/informacje\/\",\"name\":\"O NAS -\",\"isPartOf\":{\"@id\":\"https:\/\/elektromechanika-pojazdowa.eu\/#website\"},\"primaryImageOfPage\":{\"@id\":\"https:\/\/elektromechanika-pojazdowa.eu\/index.php\/informacje\/#primaryimage\"},\"image\":{\"@id\":\"https:\/\/elektromechanika-pojazdowa.eu\/index.php\/informacje\/#primaryimage\"},\"thumbnailUrl\":\"http:\/\/elektromechanika-pojazdowa.eu\/wp-content\/uploads\/2023\/06\/tractor-310214_1280-1024x711.png\",\"datePublished\":\"2023-04-14T17:43:58+00:00\",\"dateModified\":\"2024-06-07T12:02:17+00:00\",\"breadcrumb\":{\"@id\":\"https:\/\/elektromechanika-pojazdowa.eu\/index.php\/informacje\/#breadcrumb\"},\"inLanguage\":\"en-US\",\"potentialAction\":[{\"@type\":\"ReadAction\",\"target\":[\"https:\/\/elektromechanika-pojazdowa.eu\/index.php\/informacje\/\"]}]},{\"@type\":\"ImageObject\",\"inLanguage\":\"en-US\",\"@id\":\"https:\/\/elektromechanika-pojazdowa.eu\/index.php\/informacje\/#primaryimage\",\"url\":\"https:\/\/elektromechanika-pojazdowa.eu\/wp-content\/uploads\/2023\/06\/tractor-310214_1280.png\",\"contentUrl\":\"https:\/\/elektromechanika-pojazdowa.eu\/wp-content\/uploads\/2023\/06\/tractor-310214_1280.png\",\"width\":1280,\"height\":889},{\"@type\":\"BreadcrumbList\",\"@id\":\"https:\/\/elektromechanika-pojazdowa.eu\/index.php\/informacje\/#breadcrumb\",\"itemListElement\":[{\"@type\":\"ListItem\",\"position\":1,\"name\":\"Strona g\u0142\u00f3wna\",\"item\":\"https:\/\/elektromechanika-pojazdowa.eu\/\"},{\"@type\":\"ListItem\",\"position\":2,\"name\":\"O NAS\"}]},{\"@type\":\"WebSite\",\"@id\":\"https:\/\/elektromechanika-pojazdowa.eu\/#website\",\"url\":\"https:\/\/elektromechanika-pojazdowa.eu\/\",\"name\":\"Elektromechanika Pojazdowa\",\"description\":\"\",\"publisher\":{\"@id\":\"https:\/\/elektromechanika-pojazdowa.eu\/#organization\"},\"alternateName\":\"Mechanik samochodowy\",\"potentialAction\":[{\"@type\":\"SearchAction\",\"target\":{\"@type\":\"EntryPoint\",\"urlTemplate\":\"https:\/\/elektromechanika-pojazdowa.eu\/?s={search_term_string}\"},\"query-input\":\"required name=search_term_string\"}],\"inLanguage\":\"en-US\"},{\"@type\":\"Organization\",\"@id\":\"https:\/\/elektromechanika-pojazdowa.eu\/#organization\",\"name\":\"Elektromechanika Pojazdowa\",\"url\":\"https:\/\/elektromechanika-pojazdowa.eu\/\",\"logo\":{\"@type\":\"ImageObject\",\"inLanguage\":\"en-US\",\"@id\":\"https:\/\/elektromechanika-pojazdowa.eu\/#\/schema\/logo\/image\/\",\"url\":\"https:\/\/elektromechanika-pojazdowa.eu\/wp-content\/uploads\/2023\/06\/pro2.jpg\",\"contentUrl\":\"https:\/\/elektromechanika-pojazdowa.eu\/wp-content\/uploads\/2023\/06\/pro2.jpg\",\"width\":1181,\"height\":999,\"caption\":\"Elektromechanika Pojazdowa\"},\"image\":{\"@id\":\"https:\/\/elektromechanika-pojazdowa.eu\/#\/schema\/logo\/image\/\"},\"sameAs\":[\"https:\/\/www.facebook.com\/profile.php?id=61556998676595\"]}]}<\/script>\n<!-- \/ Yoast SEO plugin. -->","yoast_head_json":{"title":"O NAS -","robots":{"index":"index","follow":"follow","max-snippet":"max-snippet:-1","max-image-preview":"max-image-preview:large","max-video-preview":"max-video-preview:-1"},"canonical":"https:\/\/elektromechanika-pojazdowa.eu\/index.php\/informacje\/","og_locale":"en_US","og_type":"article","og_title":"O NAS -","og_url":"https:\/\/elektromechanika-pojazdowa.eu\/index.php\/informacje\/","article_publisher":"https:\/\/www.facebook.com\/profile.php?id=61556998676595","article_modified_time":"2024-06-07T12:02:17+00:00","og_image":[{"url":"http:\/\/elektromechanika-pojazdowa.eu\/wp-content\/uploads\/2023\/06\/tractor-310214_1280-1024x711.png"}],"twitter_card":"summary_large_image","twitter_misc":{"Est. reading time":"1 minute"},"schema":{"@context":"https:\/\/schema.org","@graph":[{"@type":"WebPage","@id":"https:\/\/elektromechanika-pojazdowa.eu\/index.php\/informacje\/","url":"https:\/\/elektromechanika-pojazdowa.eu\/index.php\/informacje\/","name":"O NAS -","isPartOf":{"@id":"https:\/\/elektromechanika-pojazdowa.eu\/#website"},"primaryImageOfPage":{"@id":"https:\/\/elektromechanika-pojazdowa.eu\/index.php\/informacje\/#primaryimage"},"image":{"@id":"https:\/\/elektromechanika-pojazdowa.eu\/index.php\/informacje\/#primaryimage"},"thumbnailUrl":"http:\/\/elektromechanika-pojazdowa.eu\/wp-content\/uploads\/2023\/06\/tractor-310214_1280-1024x711.png","datePublished":"2023-04-14T17:43:58+00:00","dateModified":"2024-06-07T12:02:17+00:00","breadcrumb":{"@id":"https:\/\/elektromechanika-pojazdowa.eu\/index.php\/informacje\/#breadcrumb"},"inLanguage":"en-US","potentialAction":[{"@type":"ReadAction","target":["https:\/\/elektromechanika-pojazdowa.eu\/index.php\/informacje\/"]}]},{"@type":"ImageObject","inLanguage":"en-US","@id":"https:\/\/elektromechanika-pojazdowa.eu\/index.php\/informacje\/#primaryimage","url":"https:\/\/elektromechanika-pojazdowa.eu\/wp-content\/uploads\/2023\/06\/tractor-310214_1280.png","contentUrl":"https:\/\/elektromechanika-pojazdowa.eu\/wp-content\/uploads\/2023\/06\/tractor-310214_1280.png","width":1280,"height":889},{"@type":"BreadcrumbList","@id":"https:\/\/elektromechanika-pojazdowa.eu\/index.php\/informacje\/#breadcrumb","itemListElement":[{"@type":"ListItem","position":1,"name":"Strona g\u0142\u00f3wna","item":"https:\/\/elektromechanika-pojazdowa.eu\/"},{"@type":"ListItem","position":2,"name":"O NAS"}]},{"@type":"WebSite","@id":"https:\/\/elektromechanika-pojazdowa.eu\/#website","url":"https:\/\/elektromechanika-pojazdowa.eu\/","name":"Elektromechanika Pojazdowa","description":"","publisher":{"@id":"https:\/\/elektromechanika-pojazdowa.eu\/#organization"},"alternateName":"Mechanik samochodowy","potentialAction":[{"@type":"SearchAction","target":{"@type":"EntryPoint","urlTemplate":"https:\/\/elektromechanika-pojazdowa.eu\/?s={search_term_string}"},"query-input":"required name=search_term_string"}],"inLanguage":"en-US"},{"@type":"Organization","@id":"https:\/\/elektromechanika-pojazdowa.eu\/#organization","name":"Elektromechanika Pojazdowa","url":"https:\/\/elektromechanika-pojazdowa.eu\/","logo":{"@type":"ImageObject","inLanguage":"en-US","@id":"https:\/\/elektromechanika-pojazdowa.eu\/#\/schema\/logo\/image\/","url":"https:\/\/elektromechanika-pojazdowa.eu\/wp-content\/uploads\/2023\/06\/pro2.jpg","contentUrl":"https:\/\/elektromechanika-pojazdowa.eu\/wp-content\/uploads\/2023\/06\/pro2.jpg","width":1181,"height":999,"caption":"Elektromechanika Pojazdowa"},"image":{"@id":"https:\/\/elektromechanika-pojazdowa.eu\/#\/schema\/logo\/image\/"},"sameAs":["https:\/\/www.facebook.com\/profile.php?id=61556998676595"]}]}},"_links":{"self":[{"href":"https:\/\/elektromechanika-pojazdowa.eu\/index.php\/wp-json\/wp\/v2\/pages\/9","targetHints":{"allow":["GET"]}}],"collection":[{"href":"https:\/\/elektromechanika-pojazdowa.eu\/index.php\/wp-json\/wp\/v2\/pages"}],"about":[{"href":"https:\/\/elektromechanika-pojazdowa.eu\/index.php\/wp-json\/wp\/v2\/types\/page"}],"author":[{"embeddable":true,"href":"https:\/\/elektromechanika-pojazdowa.eu\/index.php\/wp-json\/wp\/v2\/users\/1"}],"replies":[{"embeddable":true,"href":"https:\/\/elektromechanika-pojazdowa.eu\/index.php\/wp-json\/wp\/v2\/comments?post=9"}],"version-history":[{"count":4,"href":"https:\/\/elektromechanika-pojazdowa.eu\/index.php\/wp-json\/wp\/v2\/pages\/9\/revisions"}],"predecessor-version":[{"id":400,"href":"https:\/\/elektromechanika-pojazdowa.eu\/index.php\/wp-json\/wp\/v2\/pages\/9\/revisions\/400"}],"wp:attachment":[{"href":"https:\/\/elektromechanika-pojazdowa.eu\/index.php\/wp-json\/wp\/v2\/media?parent=9"}],"curies":[{"name":"wp","href":"https:\/\/api.w.org\/{rel}","templated":true}]}}